{"id":62101,"date":"2016-12-04T16:11:42","date_gmt":"2016-12-04T18:11:42","guid":{"rendered":"\/?page_id=62101"},"modified":"2019-09-01T15:13:58","modified_gmt":"2019-09-01T17:13:58","slug":"fontes","status":"publish","type":"page","link":"http:\/\/origem.biz\/?page_id=62101","title":{"rendered":"Fontes"},"content":{"rendered":"<p>ACSR: Aquivo Civil de S\u00e3o Jo\u00e3o del Rei<\/p>\n<p>BG: Batizados de Guarapiranga. Arquivo Eclesi\u00e1stico da Arquidiocese de Mariana<\/p>\n<p>CC: Centro de Estudos do Ciclo do Ouro,\u00a0Casa dos Contos de Ouro Preto<\/p>\n<p>CPCN: Cart\u00f3rio de Paz de Capela Nova<\/p>\n<p>CPSO: Cart\u00f3rio de Paz de Senhora de Oliveira<\/p>\n<p>CI: Casamentos de Itaverava. Arquivo Eclesi\u00e1stico da Arquidiocese de Mariana<\/p>\n<p>CSM1: Cart\u00f3rio do 1\u00ba. Of\u00edcio de Notas, Casa Setecentista de Mariana<\/p>\n<p>CSM2: Cart\u00f3rio do 2\u00ba. Of\u00edcio de Notas, Casa Setecentista de Mariana<\/p>\n<p>CSMrt: Registros de Testamentos, Cart\u00f3rio do 1o. Of\u00edcio de Notas, Casa Setecentistas de Mariana<\/p>\n<p>CSMs: Sesmarias, Casa Setecentista de Mariana<\/p>\n<p>MP: Mapas de Popula\u00e7\u00e3o do Censo de 1830-40, Arquivo P\u00fablico Mineiro<\/p>\n<p>NP:\u00a0Antonio Jos\u00e9 Victoriano Borges da Fonseca,\u00a0<em>Nobiliarchia pernambucana<\/em>.<\/p>\n<p>RAPM: Revista do Arquivo P\u00fablico Mineiro<\/p>\n<p>VT: Raymundo Trindade,\u00a0<em>Velhos troncos mineiros<\/em><\/p>\n<p>ALBUQUERQUE, Pedro Wilson Carrano. \u00c1rvore de costado de Franklin de Albuquerque.\u00a0<em>Usina de Letras<\/em><i>\u00a0<\/i>(<a href=\"http:\/\/www.usinadeletras.com.br\/\">www.usinadeletras.com.br<\/a>).<\/p>\n<p>ALBUQUERQUE, Pedro Wilson Carrano. \u00c1rvore de costado de Jos\u00e9 Carvalho de Castro (<a href=\"http:\/\/www.usinadeletras.com.br\/\">www.usinadeletras.com.br<\/a>).<\/p>\n<p>ALBUQUERQUE, Pedro Wilson Carrano. Lys\u00e2neas Maciel e seus antepassados.<em>Usina de Letras<\/em><i>\u00a0<\/i>(<a href=\"http:\/\/www.usinadeletras.com.br\/\">www.usinadeletras.com.br<\/a>).<\/p>\n<p>ALMEIDA, Avelina Maria Noronha de. Antepassados em Guimar\u00e3es (<a href=\"http:\/\/avelinagenguimaraesgmailblogs.blogspot.com\/2009_08_01_archive.html\">http:\/\/avelinagenguimaraesgmailblogs.blogspot.com\/2009_08_01_archive.html<\/a>).<\/p>\n<p>ALMEIDA, Carla Maria Carvalho de. Trajet\u00f3rias imperiais: imigra\u00e7\u00e3o e modelo de reprodu\u00e7\u00e3o social das elites em Minas colonial.\u00a0<em>Actas do Congresso Internacional \u201cEspa\u00e7o Atl\u00e2ntico de Antigo Regime: poderes e sociedade\u201d<\/em>. Lisboa: FCSH\/UNL, 2005. (<a href=\"http:\/\/cvc.instituto-camoes.pt\/eaar\/coloquio\/comunicacoes\/carla_almeida.pdf\">http:\/\/cvc.instituto-camoes.pt\/eaar\/coloquio\/comunicacoes\/carla_almeida.pdf<\/a>)<\/p>\n<p>ALMEIDA, Joaquim Rodrigues de. Esbo\u00e7o geneal\u00f3gico. In: PEREIRA, Lafayette Rodrigues.\u00a0<em>Cartas ao irm\u00e3o<\/em>. S\u00e3o Paulo: Companhia Editora Nacional, 1968. p. 153-183.<\/p>\n<p>ALVES, Jo\u00e3o Beckman. Os Alves Ferreira em Franca (<a href=\"http:\/\/webcache.googleusercontent.com\/\">http:\/\/webcache.googleusercontent.com<\/a>).<\/p>\n<p>Ancestrais de Wander Barbosa Ladeira. (<a href=\"http:\/\/www.cantoni.pro.br\/leopoldinenses\/AncestraisWanderBarbosaLadeira.html\">www.cantoni.pro.br\/leopoldinenses\/AncestraisWanderBarbosaLadeira.html<\/a>)<\/p>\n<p>ARARIPE, Ant\u00f4nio de Alencar. Jos\u00e9 de Alencar: notas de fam\u00edlia.\u00a0<em>Revista do Instituto do Cear\u00e1<\/em>, v. 95, p. 66-76, 1981.<\/p>\n<p>ARARIPE, T. de Alencar. A coloniza\u00e7\u00e3o do munic\u00edpio de Castelo.\u00a0<em>Revista brasileira dos munic\u00edpios<\/em>, n. 63\/64, p. 129-150, julho\/dezembro 1963.<\/p>\n<p>ARA\u00daJO, Magno Jos\u00e9 de S\u00e1.\u00a0<em>Genealogia pernambucana<\/em>(<a href=\"http:\/\/www.araujo.eti.br\/araujo2.asp\">www.araujo.eti.br\/araujo2.asp<\/a>).<\/p>\n<p>AVELLAR, Jo\u00e3o Ant\u00f4nio de.\u00a0<em>Reminisc\u00eancias de um m\u00e9dico.<\/em><i>\u00a0<\/i>Belo Horizonte: Imprensa Oficial, 1985.<\/p>\n<p>\u00c1VILA, Cristina.\u00a0<em>H\u00e9lio Gravat\u00e1<\/em>: Resgate bibliogr\u00e1fico de Minas Gerais. Pesquisa e organiza\u00e7\u00e3o de Cristina \u00c1vila e K\u00e1tia Miranda. Cole\u00e7\u00e3o Mineiriana. Belo Horizonte: Funda\u00e7\u00e3o Jo\u00e3o Pinheiro, 1998.<\/p>\n<p>BARBOSA, Darli Bertazzoni. Teixeira Portugal. In Genealogia fluminense (<span class=\"skimlinks-unlinked\">www.marcopolo.pro.br\/genealogias<\/span>).<\/p>\n<p>BARBOSA, Waldemar de Almeida.\u00a0<em>Hist\u00f3ria de Dores do Indai\u00e1<\/em>. Dores do Indai\u00e1: Prefeitura Municipal, 1985.<\/p>\n<p>BARRETO, Carlos Xavier Paes.\u00a0<em>Os primitivos colonizadores nordestinos e seus descendentes<\/em>. Rio de Janeiro: Melso, 1960.<\/p>\n<p>BARROS, Maur\u00edcio Jos\u00e9 Monteiro de. A fam\u00edlia Monteiro de Barros (<a href=\"http:\/\/fammonteirodebarros.com.sapo.pt\/genea_tituloI.pdf\">http:\/\/fammonteirodebarros.com.sapo.pt\/genea_tituloI.pdf<\/a>).<\/p>\n<p>BIRCHAL, S\u00e9rgio de Oliveira. O empres\u00e1rio brasileiro: um estudo comparativo.<em>Revista de Economia e Pol\u00edtica<\/em>, v. 18, n. 3 (71), julho-setembro 1998, p. 16-37.<\/p>\n<p>BOGACIOVAS, Marcelo Meira Amaral. <em>Tribula\u00e7\u00f5es do povo de Israel na S\u00e3o Paulo colonial<\/em>. S\u00e3o Paulo: Universidade de S\u00e3o Paulo, 2006.<\/p>\n<p>BRAND\u00c3O, Jacyntho Lins. Um neerland\u00eas em S\u00e3o Paulo.\u00a0<em>Revista de Hist\u00f3ria<\/em>, v. 51, n. 102, p. 765-776, abril-junho 1975.<\/p>\n<p>BR\u00dcGGER, Silvia Maria Jardim.\u00a0<em>Minas patriarcal<\/em>: fam\u00edlia e sociedade (S\u00e3o Jo\u00e3o del Rei \u2013 s\u00e9culos XVIII e XIX). S\u00e3o Paulo: Annablume, 2007.<\/p>\n<p>BUENOS, Priscila.\u00a0<em>Os Carneiro de Mendon\u00e7a.<\/em><i>\u00a0<\/i>S\u00e3o Paulo: Edi\u00e7\u00e3o do Autor, 2010.<\/p>\n<p>CARNEIRO, Murilo Vidigal. Dona Augusta, a nossa av\u00f3. in: Recanto das Letras (<a href=\"http:\/\/www.recantodasletras.com.br\/cronicas\/3012573\">http:\/\/www.recantodasletras.com.br\/cronicas\/3012573<\/a>).<\/p>\n<p>Cartas de Sesmarias.\u00a0<em>Revista do Arquivo P\u00fablico Mineiro<\/em>. Ouro Preto: Imprensa Oficial de Minas Gerais, v. 3, p. 783-927, 1898.<\/p>\n<p>CASA DE OSWALDO CRUZ.\u00a0<em>Dicion\u00e1rio hist\u00f3rico-biogr\u00e1fico das ci\u00eancias da sa\u00fade no Brasil (1832-1930)<\/em>\u00a0(<a href=\"http:\/\/www.dichistoriasaude.coc.fiocruz.br\/\">www.dichistoriasaude.coc.fiocruz.br<\/a>).<\/p>\n<p>CASTRO, Ant\u00f4nio Carlos de. Antonio Alves de Castro. In:<a href=\"http:\/\/www.projetocompartilhar.org\/\">www.projetocompartilhar.org<\/a>.<\/p>\n<p>CASTRO, Ant\u00f4nio Carlos de. Basecastro. In:\u00a0<a href=\"http:\/\/www.geocieties.ws\/basecastro\">www.geocieties.ws\/basecastro<\/a>.<\/p>\n<p>CASTRO, Ant\u00f4nio Carlos de. Licenciado Domingos Coelho. In:<a href=\"http:\/\/www.projetocompartilhar.org\/\">www.projetocompartilhar.org<\/a>.<\/p>\n<p>CASTRO, Ant\u00f4nio Carlos de. Pinto Coelho da Cunha. In:<a href=\"http:\/\/www.projetocompartilhar.org\/\">www.projetocompartilhar.org<\/a>.<\/p>\n<p>CASTRO, Luiz Fernando Hisse de. \u00c1rvore de costado de Gerv\u00e1sio Jos\u00e9 Monteiro de Rezende (<a href=\"http:\/\/luizfernandohissedecastro.blogspot.com\/2007\/09\/gervsio-jos-monteiro-de-rezende_08.html\">http:\/\/luizfernandohissedecastro.blogspot.com\/2007\/09\/gervsio-jos-monteiro-de-rezende_08.html<\/a>).<\/p>\n<p>CORR\u00caA, Viriato.\u00a0<em>Casa de Belchior<\/em>. Rio de Janeiro: Civiliza\u00e7\u00e3o Brasileira, 1936.<\/p>\n<p>COSTA, Pe. Antonio Carvalho da.\u00a0<em>Corografia portugueza e descrip\u00e7am topografia do famoso reyno de Portugal, com as noticias das funda\u00e7oens das cidades, villas, &amp; lugares, que cont\u00e8m ; varoens illustres, genealogias das familias nobres, funda\u00e7oens de conventos, catalogos dosd bispos, antiguidades, maravilhas da natureza, edificios, &amp; outras curiosas observa\u00e7oens<\/em>.\u00a0Tomo 3. Braga: Typografia de Domingos Gon\u00e7alves Gouvea, 1869.<\/p>\n<p>DORIA, Francisco Antonio.\u00a0<em>Acciaiolis no Brasil.<\/em>\u00a0S\u00e9rie Marcello de Ipanema 3. Projeto \u00c1quila. Rio de Janeiro: Escola de Comunica\u00e7\u00e3o da Universidade Federal do Rio de Janeiro,\u00a02000. (dispon\u00edvel na Internet)<\/p>\n<p>EILER, Aloysio Clemente M. I. de J. Breves. Os bar\u00f5es de Guararema. In: Hist\u00f3ria do caf\u00e9 no Brasil imperial (<a href=\"http:\/\/www.brevescafe.xpg.com.br\/guararema.html\">http:\/\/www.brevescafe.xpg.com.br\/guararema.html<\/a>).<\/p>\n<p><em>ENSAIOS PAULISTAS<\/em>: Contribui\u00e7\u00e3o de \u201cO Estado de S\u00e3o Paulo\u201d \u00e0s comemora\u00e7\u00f5es do 4o. centen\u00e1rio da cidade. S\u00e3o Paulo: Anhembi, 1958.<\/p>\n<p>Fam\u00edlia Monteiro Rebelo da Ilha do Fogo (<a href=\"http:\/\/monteiro.4t.com\/familia_monteiro_rebelo_4.htm\">http:\/\/monteiro.4t.com\/familia_monteiro_rebelo_4.htm<\/a>).<\/p>\n<p>FERNANDES, Carlos. S\u00f3 biografias (<span class=\"skimlinks-unlinked\">www.dec.ufcg.edu.br<\/span>).<\/p>\n<p>FERREIRA, Dimas E. Soares. A Fazenda da Borda do Campo. In: Barbacena on line (<a href=\"http:\/\/www.barbacenaonline.com.br\/\">http:\/\/www.barbacenaonline.com.br<\/a>)<\/p>\n<p>FERREIRA, Valdivino Pereira.\u00a0<em>Genealogia norte mineira<\/em>. Turmalina: Gr\u00e1fica Urgente, 2003.<\/p>\n<p>FONSECA, \u00c2ngelo Queiroz da. S\u00edtio geneal\u00f3gico dos parentes e amigos de \u00c2ngelo Queiroz da Fonseca (<a href=\"http:\/\/gw0.geneanet.org\/\">http:\/\/gw0.geneanet.org<\/a>)<\/p>\n<p>FONSECA, Antonio Victoriano Borges da.\u00a0<em>Nobiliarchia pernambucana<\/em>. Rio de Janeiro: Bibliotheca Nacional, 1935.<\/p>\n<p>FONTES QUANTITATIVAS PARA A HIST\u00d3RIA DE MINAS GERAIS (<a href=\"http:\/\/www.ufjf.br\/hqg\/files\/2009\/10\/FQHMS\">www.ufjf.br\/hqg\/files\/2009\/10\/FQHMS<\/a>).<\/p>\n<p>GAMA, Bar\u00e3o de Nogueira da. Genealogia mineira.\u00a0<em>Revista do Arquivo P\u00fablico Mineiro<\/em>, p. 287-289, 1907.<\/p>\n<p>GARCEZ, Silvio Silveira (org.).\u00a0<em>O sentido da vida de Dr. Carlindo<\/em>. Juiz de Fora: Do Autor, 2011.<\/p>\n<p>GARCIA, Salette. Cel. Jos\u00e9 Dutra Nicacio. SJ Online: o portal de S\u00e3o Jo\u00e3o Nepomuceno\u00a0(<a href=\"http:\/\/www.sjonline.com.br\/\">www.sjonline.com.br<\/a>).<\/p>\n<p>GAYO, Manuel Jos\u00e9 da Costa Felgueiras.\u00a0<em>Nobiliario das fam\u00edlias de Portugal.\u00a0<\/em>Impress\u00e3o diplom\u00e1tica do manuscrito existente na Santa Casa de Misericordia de Barcellos. Braga: Oficinas Gr\u00e1ficas PAX, 1938.<\/p>\n<p><span class=\"skimlinks-unlinked\">GeneAll.net.pt<\/span><span class=\"apple-converted-space\">\u00a0<\/span>(<a href=\"http:\/\/www.geneall.pt\/\">www.geneall.pt<\/a>).<\/p>\n<p>Genealogia da fam\u00edlia Alencar (<a href=\"http:\/\/www.geocities.com\/de_alencar\">www.geocities.com\/de_alencar<\/a>).<\/p>\n<p>Genealogia da fam\u00edlia Cortes Araujo (<a href=\"http:\/\/www.selwa.uaivip.com.br\/\">www.selwa.uaivip.com.br<\/a>).<\/p>\n<p>GUIMAR\u00c3ES, Eneida Carvalho. A fam\u00edlia Albino de Almeida Cyrino (<a href=\"http:\/\/www.queluzdeminas.com.br\/\">www.queluzdeminas.com.br<\/a>).<\/p>\n<p>GUIMAR\u00c3ES, F\u00falvio de Almeida.\u00a0<em>Romeu Guimar\u00e3es de Albuquerque e Queluz de Minas.<\/em>Belo Horizonte: Edi\u00e7\u00e3o do Autor, 2010.<\/p>\n<p>GUISARD FILHO, F\u00e9lix.\u00a0<em>Jacques F\u00e9lix<\/em>: achegas \u00e0 hist\u00f3ria de Taubat\u00e9. S\u00e3o Paulo: Athena, 1938.<\/p>\n<p>HOLANDA, Bartolomeu Buarque de.\u00a0<em>Buarque: uma fam\u00edlia brasileira: ensaio hist\u00f3rico-geneal\u00f3gico.<\/em><i>\u00a0<\/i>Rio de Janeiro: Casa da Palavra, 2007.<\/p>\n<p>HORTA, Herculano. Biografia de Napole\u00e3o Reys.\u00a0<em>Jornal do Com\u00e9rcio<\/em><i>\u00a0<\/i>(Juiz de Fora).<\/p>\n<p>IBRAHIM, Marina Maria Lafayette de Andrada.\u00a0<em>De volta \u00e0 Fazenda da Borda do Campo<\/em>. Barbacena: Gr\u00e1fica e Editora Cidade de Barbacena, 2007.<\/p>\n<p>JUNQUEIRA, Regina Moraes; SETTE, Bartira; RODRIGUES, Arist\u00f3teles. Os Ribeiro da Silva de S\u00e3o Gon\u00e7alo do Brumado, MG. In: SETTE, Bartira; JUNQUEIRA, Regina Moraes. Projeto Compartilhar (<a href=\"http:\/\/www.projetocompartilhar.org\/\">www.<\/a><a href=\"http:\/\/geocities.yahoo.com.br\/projetocompartilhar\">projetocompartilhar<\/a>.org).<\/p>\n<p>LAVRADIO, Jos\u00e9 Maria do Espirito Santo de Almeida Correia de S\u00e1.\u00a0<em>Vice-reinado de D. Luiz d\u2019Almeida Portugal<\/em>: 2\u00ba Marquez de Lavradio, 3\u00ba Vice-Rei do Brasil. S\u00e3o Paulo: Companhia Editora Nacional, 1942.<\/p>\n<p>LEME, Luiz Gonzaga da Silva.\u00a0<em>Genealogia Paulistana<\/em>. S\u00e3o Paulo: Duprat, 1903-1905.<\/p>\n<p>LEMOS, Gusthavo.\u00a0<em>Estrat\u00e9gias matrimoniais e de transmiss\u00e3o de fortuna da elite agr\u00e1ria de Guarapiranga, MG \u2013 s\u00e9culo XIX<\/em>(<a href=\"http:\/\/www.historia_demografica.tripod.com\/bhds\/bhd52\/gus.doc\">www.historia_demografica.tripod.com\/bhds\/bhd52\/gus.doc<\/a>).<\/p>\n<p>LEMOS, Gusthavo.\u00a0<em>Fam\u00edlia, escravaria e fortuna na comarca de Piranga na primeira metade do s\u00e9culo XIX<\/em>: um estudo a partir dos invent\u00e1rios\u00a0<em>post mortem<\/em>. Vico\u00e7a: Universidade Federal de Vi\u00e7osa, 2008 (<a href=\"http:\/\/historia_demografia.tripod.com\/\">http:\/\/historia_demografia.tripod.com<\/a>).<\/p>\n<p>LIMA, Charles Moraes de. Capela Nova \u2013 s\u00e9c. XVIII. In Instituto Hist\u00f3rico IMPHIC \u2013 Betim (htpp:\/\/<span class=\"skimlinks-unlinked\">imphic.ning.com<\/span>).<\/p>\n<p>LINS, Ivan Monteiro de Barros.\u00a0<em>Edmundo Lins<\/em>: alguns tra\u00e7os de sua personalidade e ju\u00edzos de seus contempor\u00e2neos. Belo Horizonte: Movimento Perspectiva, 1965.<\/p>\n<p>LINS, Waldemar.\u00a0<em>Homens de febra<\/em>. Rio de Janeiro: Estabelecimento Graphico Canton &amp; Reile, 1933.<\/p>\n<p>LOPES, Sim\u00f5es. Descend\u00eancia de Manuel Rodrigues, vila de Horta, in: Mitoblogos (<a href=\"http:\/\/webcache.googleusercontent.com\/\">http:\/\/webcache.googleusercontent.com<\/a>).<\/p>\n<p>MACIEL, William Ricardo Silva Maciel. Fam\u00edlia Ferreira Maciel. In GeneaMinas.<\/p>\n<p>MAIOR, Marcel Souto.\u00a0<em>Se \u00e9 para brincar eu tamb\u00e9m gosto<\/em>: um perfil biogr\u00e1fico de Sonia Lins. Rio de Janeiro: Casa da Palavra, 2006.<\/p>\n<p>MARCOVITCH, Jacques.\u00a0<em>Pioneiros e empreendedores<\/em>: a saga do desenvolvimento do Brasil. S\u00e3o Paulo: Editora da Universidade de S\u00e3o Paulo\/Saraiva, 2007.<\/p>\n<p>MARTINS, Antonio de Assis, OLIVEIRA, Jos\u00e9 Marques de.\u00a0<em>Almanak administrativo, civil e industrial da Provincia de Minas-Geraes para o anno de 1865.<\/em><i>\u00a0<\/i>2o. ano. Ouro Preto: Typographia do Minas Geraes, 1864.<\/p>\n<p>MARTINS, Tarc\u00edsio.\u00a0<em>Fazenda Boa Esperan\u00e7a \u2013 Belo Vale<\/em>. Belo Horizonte: s\/ed., 2007.<\/p>\n<p>MASCARENHAS, Afr\u00e2nio. Balaio de Minas (<a href=\"http:\/\/www.balaiodeminas.com.br\/\">www.balaiodeminas.com.br<\/a>).<\/p>\n<p>MELLO, Evaldo Cabral de.\u00a0<em>O nome e o sangue<\/em>: uma par\u00e1bola geneal\u00f3gica no Pernambuco colonial. S\u00e3o Paulo: Companhia das Letras, 2009.<\/p>\n<p>MELLO, Jos\u00e9 Ant\u00f4nio Gonsalves de.\u00a0<em>Fontes para a hist\u00f3ria do Brasil holand\u00eas.<\/em>Recife: Minist\u00e9rio da Cultura\/Funda\u00e7\u00e3o Pr\u00f3-Mem\u00f3ria, 1985.<\/p>\n<p>MILAGRES, Alex Assis, PAULA, Cristiano Jo\u00e3o dos Reis Milagres de. Genealogia da fam\u00edlia Milagres (http:\/\/<a href=\"http:\/\/www.familiamilagres.com.br\/\">www.familiamilagres.com.br<\/a>).<\/p>\n<p>MONTEIRO, Norma G\u00f3is.\u00a0<em>Dicion\u00e1rio biogr\u00e1fico de Minas Gerais<\/em>: Per\u00edodo republicano (1889\/1991). 2 v. Belo Horizonte: Assembl\u00e9ia Legislativa do Estado de Minas Gerais, 1994.<\/p>\n<p>MORAES, Crist\u00f3v\u00e3o Al\u00e3o de.\u00a0<em>Pedatura lusitana<\/em>: Nobili\u00e1rio das fam\u00edlias de Portugal. Porto: Livraria Fernando Machado, 1943-1948.<\/p>\n<p>MORAES, Dilma.\u00a0<em>Santo Ant\u00f4nio do Monte<\/em>: doces namoradas, pol\u00edticos famosos. Belo Horizonte: Minas Gr\u00e1fica Editora, 1983.<\/p>\n<p>MORAES NETO, L\u00e9o Gomes de. As fam\u00edlias da elite e suas estrat\u00e9gias de manuten\u00e7\u00e3o do patrim\u00f4nio na primeira metade do s\u00e9culo XIX em Guarapiranga (<a href=\"http:\/\/www.ibl.ufop.br\/IIISimposio\/18.pdf\">www.ibl.ufop.br\/IIISimposio\/18.pdf<\/a>).<\/p>\n<p>NAVA, Pedro.\u00a0<em>Ba\u00fa de ossos<\/em>: Mem\u00f3rias\/1. Nota de Carlos Drummond de Andrade. 4a. edi\u00e7\u00e3o. Rio de Janeiro: Jos\u00e9 Olympio, 1974.<\/p>\n<p>NOGUEIRA, Jos\u00e9 Luiz. Genealogia Jos\u00e9 Luiz Nogueira (<a href=\"http:\/\/jlnogueira.no.comunidades.net\/\">http:\/\/jlnogueira.no.comunidades.net<\/a>)<\/p>\n<p>NORONHA, Henrique Henriques de.\u00a0<em>Nobili\u00e1rio geneal\u00f3gico das fam\u00edlias que passaram a viver nesta Ilha da Madeira depois do seu descobrimento, que foi no ano de 1420<\/em>. S\u00e3o Paulo: Cruzeiro do Sul, 1947.<\/p>\n<p>NUNES, Anamaria. Fam\u00edlia Nunes Vieira Ferreira (<a href=\"http:\/\/familianunesvieiraferreira.blogspot.com\/2008\">http:\/\/familianunesvieiraferreira.blogspot.com\/2008<\/a>).<\/p>\n<p>OLIVEIRA, Ronaldo Nogueira de. Descendentes do Tenente Jos\u00e9 Dias Lopes (<span class=\"skimlinks-unlinked\">www.rioespera.com\/genealogia\/familias\/nogueira<\/span>).<\/p>\n<p>OLIVEIRA, Silv\u00e9rio Rocha.\u00a0<em>Lagoa da Prata<\/em>: Retiro do P\u00e2ntano. Belo Horizonte: Armaz\u00e9m de Id\u00e9ias, 1998.<\/p>\n<p>OLIVEIRA, V\u00e2nia L\u00facia de. Fam\u00edlia Barbosa da Silva.\u00a0<em>Genealogia brasileira<\/em>: Estado de Minas Gerais (<a href=\"http:\/\/br.geocities.com\/lenioricha\/cantagalo_barbdasilvavavan.htm\">http:\/\/br.geocities.com\/lenioricha\/cantagalo_barbdasilvavavan.htm<\/a>).<\/p>\n<p>PEIXOTO, Afranio. No\u00e7\u00f5es de historia da literatura brasileira. Rio de Janeiro: Francisco Alves, 1931.<\/p>\n<p>PEIXOTO, Antonio Gomes Lana. Genealogia da fam\u00edlia Lana de Queluz de Minas. (<u>http\/\/<\/u><span class=\"skimlinks-unlinked\">genealogialanadequeluzdeminas.blogspot.com<\/span>).<\/p>\n<p>PEREIRA, David William. Family Search (<a href=\"http:\/\/www.familysearch.org\/\">http:\/\/www.familysearch.org<\/a>).<\/p>\n<p>REITWIESNER, William Addams. Ancestry of Henri de Laborde de Monpezat (<a href=\"http:\/\/wikiwak.com\/texis\/wcolz\/viewcache.html\">http:\/\/wikiwak.com\/texis\/wcolz\/viewcache.html<\/a>).<\/p>\n<p><em>RELATORIO E CONTAS DA SOCIEDADE PORTUGUEZA NO RIO DE JANEIRO<\/em>: Caixa de Socorro de D. Pedro I do anno de 1868. Rio de Janeiro: Typographia Imp. e Const. de J. Villeneuve, 1869.<\/p>\n<p>REZENDE, Oswaldo.\u00a0<em>Genealogia de tradicionais fam\u00edlias de Minas<\/em>. S\u00e3o Paulo: Revista dos Tribunais, 1969.<\/p>\n<p>RHEINGANTZ, Carlos G.\u00a0<em>Primeiras fam\u00edlias do Rio de Janeiro.<\/em><i>\u00a0<\/i>Rio de Janeiro: Brasiliana, 1965.<\/p>\n<p>RIBEIRO, Eneida Beraldi. O marranismo no Brasil col\u00f4nia atrav\u00e9s do processo inquisitorial contra Bento Teixeira. In: LEWIN, Helena.\u00a0<em>Juda\u00edsmo e modernidade<\/em>: suas m\u00faltiplas inter-rela\u00e7\u00f5es. Rio de Janeiro: Centro Edelstein de Pesquisas Sociais, 2009. p. 117-132.<\/p>\n<p>RIBEIRO, Fenelon.\u00a0<em>Povoamento e coloniza\u00e7\u00e3o \u2013 Centro Oeste al\u00e9m S\u00e3o Francisco \u2013 Dores do Indai\u00e1<\/em>: fragmentos da genelogia do Capit\u00e3o Amaro da Costa Guimar\u00e3es. Belo Horizonte: O Lutador, s.d.<\/p>\n<p>RIBEIRO, Jos\u00e9 Am\u00e9rico, BRAND\u00c3O, Eduardo Carvalho, BRAND\u00c3O, Ol\u00edmpio Garcia.<em>Caminhos do Cerrado<\/em>: A trajet\u00f3ria da fam\u00edlia Pereira Brand\u00e3o. Belo Horizonte: Saitec, 2005.<\/p>\n<p>RICHA, L\u00eanio Luiz.\u00a0<em>Genealogia Brasileira<\/em>\u00a0(<a href=\"http:\/\/br.geocities.com\/lenioricha\/cantagalo_rodmilagres.htm\">http:\/\/br.geocities.com\/lenioricha.htm<\/a>).<\/p>\n<p>RICHA, L\u00eanio Luiz.\u00a0<em>Genealogia Fluminense<\/em>\u00a0(<a href=\"http:\/\/br.geocities.com\/lenioricha\/cantagalo_rodmilagres.htm\">http:\/\/br.geocities.com\/lenioricha.htm<\/a>).<\/p>\n<p>ROCHA, Padre A. Moreira da.\u00a0<em>Luz de candeia velha<\/em>: cr\u00f4nicas publicadas no jornal Not\u00edcias de Penafiel, sob o pseud\u00f4nimo de Monaquino, divulgados na Internet MCR (<a href=\"http:\/\/candeiavelha.blogspot.com\/\">http:\/\/candeiavelha.blogspot.com<\/a>).<\/p>\n<p>RODRIGUES, Joberto Miranda. Descendentes do Capit\u00e3o-Mor Domingos Fernandes (<a href=\"http:\/\/www.joberto31.xpg.com.br\/\">www.joberto31.xpg.com.br<\/a>).<\/p>\n<p>RODRIGUES, Joberto Miranda. Genealogia Gon\u00e7alves Filgueiras (<a href=\"http:\/\/www.joberto31.xpg.com.br\/\">www.joberto31.xpg.com.br<\/a>).<\/p>\n<p>SANTOS, Ciro dos.\u00a0<em>Lagoa da Prata<\/em>: hist\u00f3rias, est\u00f3rias e mem\u00f3rias. Lagoa da Prata: s\/ed., 1988.<\/p>\n<p>SANTOS, Ciro dos.\u00a0<em>40 anos de Lagoa da Prata<\/em>. Lagoa da Prata: s\/ed., 1981.<\/p>\n<p>SANTOS, Jo\u00e3o L\u00facio dos.\u00a0<em>A Inconfi\u00eancia Mineira<\/em>. S\u00e3o Paulo: Escola Profissional do Lyceu Cora\u00e7\u00e3o de Jesus, 1927.<\/p>\n<p>SANTOS J\u00daNIOR, Lu\u00eds. Genealogia hesperitana (<a href=\"http:\/\/hesperitanas.zzl.org\/\">http:\/\/hesperitanas.zzl.org<\/a>).<\/p>\n<p>SANTU\u00c1RIO DO CARA\u00c7A. Matr\u00edculas (<a href=\"http:\/\/www.santuariodocaraca.com.br\/cultura\">www.santuariodocaraca.com.br\/cultura<\/a>).<\/p>\n<p>SETTE, Bartyra; JUNQUEIRA, Regina Moraes. Projeto Compartilhar (<a href=\"http:\/\/www.projetocompartilhar.org\/\">www.projetocompartilhar.org<\/a>).<\/p>\n<p>SILVA, Arthur Vieira Rezende e.\u00a0<em>Genealogia dos fundadores de Cataguases.<\/em><i>\u00a0<\/i>Rio de Janeiro: A. Coelho Branco, 1934.<\/p>\n<p>SILVA, Arthur Vieira Rezende e.\u00a0<em>Genealogia mineira<\/em>. 5 volumes. Belo Horizonte: Imprensa Official, 1937-1939.<\/p>\n<p>SILVA, Marco Polo T. Dutra P. Genealogia mineira (<a href=\"http:\/\/www.marcopolo.pro.br\/\">www.marcopolo.pro.br<\/a>).<\/p>\n<p>SILVA, Roberta Ferreira da. Ancestors of Roberta Ferreira da Silva (<a href=\"http:\/\/familytreemaker.genealogy.com\/\">http:\/\/familytreemaker.genealogy.com<\/a>).<\/p>\n<p>SOUZA, Jos\u00e9 Evangelista de.\u00a0<em>Catas Altas do Mato Dentro, sua hist\u00f3ria e sua gente.<\/em>vol. 1. Contagem: Littera Maciel, 1998.<\/p>\n<p>SOUZA, Maria Monteiro de Souza. S\u00edtio da Ladinha (<a href=\"http:\/\/sitiodaladinha.blogspot.com\/\">http:\/\/sitiodaladinha.blogspot.com<\/a>).<\/p>\n<p>SOUZA, Padre Jos\u00e9 Duarte de. Genalogia e hist\u00f3ria de Capela Nova das Dores. (datilografado)<\/p>\n<p>TAQUES, Pedro.\u00a0<em>Nobiliarchia paulistana hist\u00f3rica e geneal\u00f3gica.<\/em><i>\u00a0<\/i>S\u00e3o Paulo: Martins, 1953.<\/p>\n<p>TAUNAY, Affonso de E.\u00a0<em>Hist\u00f3ria geral das bandeiras paulistas<\/em>.\u00a0S\u00e3o Paulo: Typographia Ideal, 1924.<\/p>\n<p>THE BETTENCOURT FAMILY: 1200-2000 (<a href=\"http:\/\/web.meganet.net\/betenco\">http:\/\/web.meganet.net\/betenco<\/a>).<\/p>\n<p>THE CARDINALS OF THE HOLY ROMAN CHURCH BIOGRAPHICAL DICTIONARY (<a href=\"http:\/\/www2.fiu.edu\/\">http:\/\/www2.fiu.edu<\/a>).<\/p>\n<p>TRINDADE, Raymundo.\u00a0<em>Genealogias da Zona do Carmo.\u00a0<\/em>Ponte Nova: Estabelecimento Gr\u00e1fico Gutenberg\/Irm\u00e3os Penna &amp; Cia., 1943\u00a0(dispon\u00edvel em<a href=\"http:\/\/www.arvore.net.br\/trindade\">http:\/\/www.arvore.net.br\/trindade<\/a>).<\/p>\n<p>TRINDADE, Raymundo. Ourives de Minas Gerais nos s\u00e9culos XVIII e XIX.\u00a0<em>Revista do Patrim\u00f4nio Hist\u00f3rico e Art\u00edstico Nacional<\/em>, n. 12, p. 117-149, 1955.<\/p>\n<p>TRINDADE, Raymundo.\u00a0<em>Velhos troncos mineiros<\/em>. 2 v. S\u00e3o Paulo: Revista dos Tribunais, 1955.<\/p>\n<p>TRINDADE, Raymundo.\u00a0<em>Velhos troncos ouropretanos.<\/em><i>\u00a0<\/i>S\u00e3o Paulo: Revista dos Tribunais, 1951.<\/p>\n<p>TRURNIT, Hanno. S\u00fcddeutsche Patrizier (<a href=\"http:\/\/wc.rootsweb.ancestry.com\/cgi-bin\/igm.cgi\">http:\/\/wc.rootsweb.ancestry.com\/cgi-bin\/igm.cgi<\/a>).<\/p>\n<p>VALE DOS SOUSAS: Rota dos M\u00f3veis (htto:\/\/<span class=\"skimlinks-unlinked\">www.cm-paredes.pt\/VSD\/Paredes\/vPT\/Publica\/Turismo\/Personalidades<\/span>).<\/p>\n<p>VASCONCELLOS, Diogo de.\u00a0<em>Hist\u00f3ria Antiga das Minas Gerais<\/em>. Belo Horizonte: Itatiaia, 1974.<\/p>\n<p>VAZ, Alisson Mascarenhas.\u00a0<em>Cia. Cedro e Cachoeira<\/em>: hist\u00f3ria de uma empresa familiar, 1883-1987. Belo Horizonte: s\/ed., 1990.<\/p>\n<p>VEROCAI, Arthur C\u00f4rtes. Genealogia da fam\u00edlia C\u00f4rtes de Ara\u00fajo (<a href=\"http:\/\/www.selwa.uaivip.com.br\/arvore\">www.selwa.uaivip.com.br\/arvore<\/a>).<\/p>\n<p>VIDIGAL, Pedro Maciel.\u00a0<em>Amador Bueno, o Aclamado, na fam\u00edlia lagoana<\/em>. Rio de Janeiro: Imprensa Nacional, 1945.<\/p>\n<p>VIDIGAL, Pedro Maciel.\u00a0<em>Os antepassados<\/em>. Belo Horizonte: Imprensa Oficial, 1980.<\/p>\n<p>VILLELA, Ilka de Castro Moreira.\u00a0<em>La\u00e7os de fam\u00edlia<\/em>. Nova Lima: Edi\u00e7\u00e3o da autora, 2001.<\/p>\n<p><i>Visitas pastorais de D. Frei Jos\u00e9 da Sant\u00edssima Trindade (1821-1825).<\/i>\u00a0Belo Horizonte: Funda\u00e7\u00e3o Jo\u00e3o Pinheiro, 1998.<\/p>\n<p>WANDERLEY, Ivo Ricardo.\u00a0<em>Buarque: uma fam\u00edlia brasileira<\/em><i>\u00a0<\/i>(<a href=\"http:\/\/www.irwanderley.eng.br\/\">www.irwanderley.eng.br<\/a>).<\/p>\n<p>WIEDERSPAHN, Henrique Oscar. Lins (Lynsen, Linns, Linss). In:\u00a0<em>Subs\u00eddios geneal\u00f3gicos<\/em>: Fam\u00edlias brasileiras de origem germ\u00e2nica. Vol. II. S\u00e3o Paulo: [Instituto Hans Staden], 1962.<\/p>\n<p>XAVIER, Paulo Jaur\u00e9s Pedroso. Caramuru (http:\/<span class=\"skimlinks-unlinked\">buratto.org\/gens\/gen_caramuru.html<\/span>).<\/p>\n","protected":false},"excerpt":{"rendered":"<p>ACSR: Aquivo Civil de S\u00e3o Jo\u00e3o del Rei BG: Batizados de Guarapiranga. Arquivo Eclesi\u00e1stico da Arquidiocese de Mariana CC: Centro de Estudos do Ciclo do Ouro,\u00a0Casa dos Contos de Ouro Preto CPCN: Cart\u00f3rio de Paz de Capela Nova CPSO: Cart\u00f3rio&#8230;<\/p>\n","protected":false},"author":1,"featured_media":0,"parent":0,"menu_order":0,"comment_status":"closed","ping_status":"closed","template":"","meta":[],"_links":{"self":[{"href":"http:\/\/origem.biz\/index.php?rest_route=\/wp\/v2\/pages\/62101"}],"collection":[{"href":"http:\/\/origem.biz\/index.php?rest_route=\/wp\/v2\/pages"}],"about":[{"href":"http:\/\/origem.biz\/index.php?rest_route=\/wp\/v2\/types\/page"}],"author":[{"embeddable":true,"href":"http:\/\/origem.biz\/index.php?rest_route=\/wp\/v2\/users\/1"}],"replies":[{"embeddable":true,"href":"http:\/\/origem.biz\/index.php?rest_route=%2Fwp%2Fv2%2Fcomments&post=62101"}],"version-history":[{"count":4,"href":"http:\/\/origem.biz\/index.php?rest_route=\/wp\/v2\/pages\/62101\/revisions"}],"predecessor-version":[{"id":64328,"href":"http:\/\/origem.biz\/index.php?rest_route=\/wp\/v2\/pages\/62101\/revisions\/64328"}],"wp:attachment":[{"href":"http:\/\/origem.biz\/index.php?rest_route=%2Fwp%2Fv2%2Fmedia&parent=62101"}],"curies":[{"name":"wp","href":"https:\/\/api.w.org\/{rel}","templated":true}]}}